{"id":50,"date":"2026-02-17T16:40:21","date_gmt":"2026-02-17T15:40:21","guid":{"rendered":"https:\/\/akbshop.hu\/?post_type=product&#038;p=50"},"modified":"2026-02-17T16:40:21","modified_gmt":"2026-02-17T15:40:21","slug":"egesz-nap-szantok-durvan-tolom-polo","status":"publish","type":"product","link":"https:\/\/akbshop.hu\/index.php\/termek\/egesz-nap-szantok-durvan-tolom-polo\/","title":{"rendered":"Eg\u00e9sz nap sz\u00e1ntok, durv\u00e1n tolom p\u00f3l\u00f3"},"content":{"rendered":"","protected":false},"excerpt":{"rendered":"","protected":false},"featured_media":32,"template":"","meta":[],"product_brand":[],"product_cat":[23],"product_tag":[],"class_list":{"0":"post-50","1":"product","2":"type-product","3":"status-publish","4":"has-post-thumbnail","6":"product_cat-polo","8":"first","9":"instock","10":"taxable","11":"shipping-taxable","12":"purchasable","13":"product-type-variable"},"_links":{"self":[{"href":"https:\/\/akbshop.hu\/index.php\/wp-json\/wp\/v2\/product\/50","targetHints":{"allow":["GET"]}}],"collection":[{"href":"https:\/\/akbshop.hu\/index.php\/wp-json\/wp\/v2\/product"}],"about":[{"href":"https:\/\/akbshop.hu\/index.php\/wp-json\/wp\/v2\/types\/product"}],"wp:featuredmedia":[{"embeddable":true,"href":"https:\/\/akbshop.hu\/index.php\/wp-json\/wp\/v2\/media\/32"}],"wp:attachment":[{"href":"https:\/\/akbshop.hu\/index.php\/wp-json\/wp\/v2\/media?parent=50"}],"wp:term":[{"taxonomy":"product_brand","embeddable":true,"href":"https:\/\/akbshop.hu\/index.php\/wp-json\/wp\/v2\/product_brand?post=50"},{"taxonomy":"product_cat","embeddable":true,"href":"https:\/\/akbshop.hu\/index.php\/wp-json\/wp\/v2\/product_cat?post=50"},{"taxonomy":"product_tag","embeddable":true,"href":"https:\/\/akbshop.hu\/index.php\/wp-json\/wp\/v2\/product_tag?post=50"}],"curies":[{"name":"wp","href":"https:\/\/api.w.org\/{rel}","templated":true}]}}