{"id":19,"date":"2026-02-17T14:13:57","date_gmt":"2026-02-17T13:13:57","guid":{"rendered":"https:\/\/akbshop.hu\/?post_type=product&#038;p=19"},"modified":"2026-02-17T16:54:26","modified_gmt":"2026-02-17T15:54:26","slug":"epizod-iv-a-25-szuletesnap-polo","status":"publish","type":"product","link":"https:\/\/akbshop.hu\/index.php\/termek\/epizod-iv-a-25-szuletesnap-polo\/","title":{"rendered":"Epiz\u00f3d IV. &#8211; A 25. sz\u00fclet\u00e9snap p\u00f3l\u00f3"},"content":{"rendered":"","protected":false},"excerpt":{"rendered":"","protected":false},"featured_media":30,"template":"","meta":[],"product_brand":[],"product_cat":[23],"product_tag":[],"class_list":{"0":"post-19","1":"product","2":"type-product","3":"status-publish","4":"has-post-thumbnail","6":"product_cat-polo","8":"first","9":"instock","10":"taxable","11":"shipping-taxable","12":"purchasable","13":"product-type-variable"},"_links":{"self":[{"href":"https:\/\/akbshop.hu\/index.php\/wp-json\/wp\/v2\/product\/19","targetHints":{"allow":["GET"]}}],"collection":[{"href":"https:\/\/akbshop.hu\/index.php\/wp-json\/wp\/v2\/product"}],"about":[{"href":"https:\/\/akbshop.hu\/index.php\/wp-json\/wp\/v2\/types\/product"}],"wp:featuredmedia":[{"embeddable":true,"href":"https:\/\/akbshop.hu\/index.php\/wp-json\/wp\/v2\/media\/30"}],"wp:attachment":[{"href":"https:\/\/akbshop.hu\/index.php\/wp-json\/wp\/v2\/media?parent=19"}],"wp:term":[{"taxonomy":"product_brand","embeddable":true,"href":"https:\/\/akbshop.hu\/index.php\/wp-json\/wp\/v2\/product_brand?post=19"},{"taxonomy":"product_cat","embeddable":true,"href":"https:\/\/akbshop.hu\/index.php\/wp-json\/wp\/v2\/product_cat?post=19"},{"taxonomy":"product_tag","embeddable":true,"href":"https:\/\/akbshop.hu\/index.php\/wp-json\/wp\/v2\/product_tag?post=19"}],"curies":[{"name":"wp","href":"https:\/\/api.w.org\/{rel}","templated":true}]}}